{"id":12390,"date":"2022-10-01T16:02:02","date_gmt":"2022-10-01T16:02:02","guid":{"rendered":"https:\/\/weingut-gebert.de\/?post_type=product&#038;p=12390"},"modified":"2025-12-02T18:28:52","modified_gmt":"2025-12-02T18:28:52","slug":"cuvee-red","status":"publish","type":"product","link":"https:\/\/weingut-gebert.de\/en\/product\/cuvee-red\/","title":{"rendered":"Cuv\u00e9e Red"},"content":{"rendered":"<p>In this cuv\u00e9e made from two grape varieties and vintages, we combine the fruit and freshness from our Sp\u00e4tbugunder vineyards with strong color, soft tannins and a little heaviness from the Regent.<br \/>\nA subtle residual sweetness rounds off the wine and makes it an easy-drinking soloist as well as a good accompaniment to dark sauces and risottos.<\/p>\n","protected":false},"excerpt":{"rendered":"<p>balanced &#038; fruity<\/p>\n","protected":false},"featured_media":25488,"template":"","meta":[],"product_cat":[49],"product_tag":[417,495,418,125,346,524,128,517,129,427],"_links":{"self":[{"href":"https:\/\/weingut-gebert.de\/en\/wp-json\/wp\/v2\/product\/12390"}],"collection":[{"href":"https:\/\/weingut-gebert.de\/en\/wp-json\/wp\/v2\/product"}],"about":[{"href":"https:\/\/weingut-gebert.de\/en\/wp-json\/wp\/v2\/types\/product"}],"wp:featuredmedia":[{"embeddable":true,"href":"https:\/\/weingut-gebert.de\/en\/wp-json\/wp\/v2\/media\/25488"}],"wp:attachment":[{"href":"https:\/\/weingut-gebert.de\/en\/wp-json\/wp\/v2\/media?parent=12390"}],"wp:term":[{"taxonomy":"product_cat","embeddable":true,"href":"https:\/\/weingut-gebert.de\/en\/wp-json\/wp\/v2\/product_cat?post=12390"},{"taxonomy":"product_tag","embeddable":true,"href":"https:\/\/weingut-gebert.de\/en\/wp-json\/wp\/v2\/product_tag?post=12390"}],"curies":[{"name":"wp","href":"https:\/\/api.w.org\/{rel}","templated":true}]}}